{"id":6087,"date":"2023-12-26T07:50:15","date_gmt":"2023-12-26T07:50:15","guid":{"rendered":"https:\/\/ivrentacar.com\/?page_id=6087"},"modified":"2026-03-24T11:31:53","modified_gmt":"2026-03-24T11:31:53","slug":"%d1%81%d0%b5%d1%82%d0%ba%d0%b0-%d0%bf%d0%be%d0%b8%d1%81%d0%ba%d0%b0-%d1%82%d0%be%d0%b2%d0%b0%d1%80%d0%be%d0%b2","status":"publish","type":"page","link":"https:\/\/ivrentacar.com\/ru\/products-search-grid\/","title":{"rendered":"\u0412\u0441\u0435 \u0430\u0432\u0442\u043e\u043c\u043e\u0431\u0438\u043b\u0438"},"content":{"rendered":"<style>.elementor-6087 .elementor-element.elementor-element-ae78e8b{--display:flex;--margin-top:0px;--margin-bottom:100px;--margin-left:0px;--margin-right:0px;}.elementor-6087 .elementor-element.elementor-element-a07aae0 .ovabrw-product-search-ajax .ova-product-search.ovabrw_wd_search .product-search-form .search-heading{border-radius:12px 12px 0px 0px;}.elementor-6087 .elementor-element.elementor-element-a07aae0 .ova-product-search.ovabrw_wd_search .product-search-form .product-search-content{border-radius:12px 12px 12px 12px;}.elementor-6087 .elementor-element.elementor-element-a07aae0 .ova-product-search.ovabrw_wd_search .product-search-form .product-search-content .label_search input[type=text], .elementor-6087 .elementor-element.elementor-element-a07aae0 .ova-product-search.ovabrw_wd_search .product-search-form .product-search-content .label_search select{font-size:13px;font-weight:500;color:#727272;}.elementor-6087 .elementor-element.elementor-element-a07aae0 .ova-product-search.ovabrw_wd_search .product-search-form .product-search-content .label_search input[type=text]{height:45px;}.elementor-6087 .elementor-element.elementor-element-a07aae0 .ova-product-search.ovabrw_wd_search .product-search-form .product-search-content .label_search select{height:45px;}.elementor-6087 .elementor-element.elementor-element-a07aae0 .ova-product-search.ovabrw_wd_search .product-search-form .product-search-content .product-search-submit .ovabrw_btn_submit{width:100%;height:40px;background-color:var( --e-global-color-secondary );}@media(max-width:1024px){.elementor-6087 .elementor-element.elementor-element-ae78e8b{--margin-top:0px;--margin-bottom:70px;--margin-left:0px;--margin-right:0px;--padding-top:0px;--padding-bottom:0px;--padding-left:20px;--padding-right:20px;}}@media(max-width:767px){.elementor-6087 .elementor-element.elementor-element-ae78e8b{--margin-top:30px;--margin-bottom:60px;--margin-left:0px;--margin-right:0px;--padding-top:0px;--padding-bottom:0px;--padding-left:30px;--padding-right:30px;}.elementor-6087 .elementor-element.elementor-element-a07aae0 .ova-product-search.ovabrw_wd_search .product-search-form .product-search-content{grid-gap:15px;}.elementor-6087 .elementor-element.elementor-element-a07aae0 .ova-product-search.ovabrw_wd_search .product-search-form .product-search-content .label_search input[type=text], .elementor-6087 .elementor-element.elementor-element-a07aae0 .ova-product-search.ovabrw_wd_search .product-search-form .product-search-content .label_search select{font-size:11px;}.elementor-6087 .elementor-element.elementor-element-a07aae0 .ova-product-search.ovabrw_wd_search .product-search-form .product-search-content .label_search input[type=text]{height:40px;}.elementor-6087 .elementor-element.elementor-element-a07aae0 .ova-product-search.ovabrw_wd_search .product-search-form .product-search-content .label_search select{height:40px;}}<\/style>\t\t<div data-elementor-type=\"wp-page\" data-elementor-id=\"6087\" class=\"elementor elementor-6087\" data-elementor-post-type=\"page\">\n\t\t\t\t<div class=\"elementor-element elementor-element-ae78e8b e-flex e-con-boxed e-con e-parent\" data-id=\"ae78e8b\" data-element_type=\"container\" data-e-type=\"container\">\n\t\t\t\t\t<div class=\"e-con-inner\">\n\t\t\t\t<div class=\"elementor-element elementor-element-a07aae0 elementor-widget elementor-widget-remons_elementor_product_search_ajax\" data-id=\"a07aae0\" data-element_type=\"widget\" data-e-type=\"widget\" data-widget_type=\"remons_elementor_product_search_ajax.default\">\n\t\t\t\t<div class=\"elementor-widget-container\">\n\t\t\t\t\t\n\t\t\t<div class=\"ovabrw-product-search-ajax search-position-left\">\n\n\t\t\t\t<!-- Search Form -->\n\t\t\t\t<div class=\"ova-product-search ovabrw_wd_search\">\n\t\t\t\t\t<form\n\t\t\t\t\t\tclass=\"product-search-form\"\n\t\t\t\t\t\tmethod=\"POST\"\n\t\t\t\t\t\taction=\"\"\n\t\t\t\t\t\tautocomplete=\"off\"\n\t\t\t\t\t\tautocapitalize=\"none\">\n\t\t\t\t\t\t<div class=\"product-search-content wrap_content column1\">\n\t\t\t\t\t\t\t<h2 class=\"search-heading\">\n\t\t\t\t\t\t\t\tSearch cars\t\t\t\t\t\t\t<\/h2>\n\t\t\t\t\t\t\t\t\t\t\t\t\t\t\t\t\t\t\t\t\t\t\t\t<div class=\"label_search ova-category\">\n\t\t\t\t\t\t\t\t\t\t\t<label class=\"field-label\">\n\t\t\t\t\t\t\t\t\t\t\t\tType\t\t\t\t\t\t\t\t\t\t\t<\/label>\n\t\t\t\t\t\t\t\t\t\t\t<select  name='cat' id='cat' class='postform '>\n\t<option value='' selected='selected'>Type<\/option>\n\t<option class=\"level-0\" value=\"uncategorized\">Uncategorized<\/option>\n\t<option class=\"level-0\" value=\"cars\">Cars<\/option>\n\t<option class=\"level-1\" value=\"limousine\">&nbsp;&nbsp;&nbsp;Limousine (Large Cars)<\/option>\n\t<option class=\"level-1\" value=\"middle-size-cars\">&nbsp;&nbsp;&nbsp;Medium size cars<\/option>\n\t<option class=\"level-1\" value=\"small-cars\">&nbsp;&nbsp;&nbsp;Small Cars<\/option>\n<\/select>\n\t\t\t\t\t\t\t\t\t\t<\/div>\n\t\t\t\t\t\t\t\t\t\t\t\t\t\t\t\t\t\t\t\t\t\t\t\t\t\t<div class=\"label_search ova-pickup-location\">\n\t\t\t\t\t\t\t\t\t\t\t<label class=\"field-label\">\n\t\t\t\t\t\t\t\t\t\t\t\tPick-up Location\t\t\t\t\t\t\t\t\t\t\t<\/label>\n\t\t\t\t\t\t\t\t\t\t\t<select name=\"ovabrw_pickup_loc\" class=\"ovabrw_pickup_loc\"><option value=\"\">Select Location<\/option><option value=\"Aerodrom Podgorica\" >Aerodrom Podgorica<\/option><option value=\"Aerodrom Tivat\" >Aerodrom Tivat<\/option><option value=\"Aerodrom Dubrovnik\" >Aerodrom Dubrovnik<\/option><option value=\"Aerodrom Tirana\" >Aerodrom Tirana<\/option><option value=\"Budva (IV Rent a car office)\" >Budva (IV Rent a car office)<\/option><option value=\"Podgorica\" >Podgorica<\/option><option value=\"Tivat (Porto Montenegro)\" >Tivat (Porto Montenegro)<\/option><option value=\"Kotor\" >Kotor<\/option><option value=\"Bar\" >Bar<\/option><option value=\"Ulcinj\" >Ulcinj<\/option><option value=\"Herceg Novi\" >Herceg Novi<\/option><option value=\"Cetinje\" >Cetinje<\/option><option value=\"Nik\u0161i\u0107\" >Nik\u0161i\u0107<\/option><option value=\"\u017dabljak\" >\u017dabljak<\/option><option value=\"Kola\u0161in\" >Kola\u0161in<\/option><\/select>\t\t\t\t\t\t\t\t\t\t<\/div>\n\t\t\t\t\t\t\t\t\t\t\t\t\t\t\t\t\t\t\t\t\t\t\t\t\t\t<div class=\"label_search ova-dropoff-location\">\n\t\t\t\t\t\t\t\t\t\t\t<label class=\"field-label\">\n\t\t\t\t\t\t\t\t\t\t\t\tDrop-off Location\t\t\t\t\t\t\t\t\t\t\t<\/label>\n\t\t\t\t\t\t\t\t\t\t\t<select name=\"ovabrw_dropoff_loc\" class=\"ovabrw_dropoff_loc\"><option value=\"\">Select Location<\/option><option value=\"Aerodrom Podgorica\" >Aerodrom Podgorica<\/option><option value=\"Aerodrom Tivat\" >Aerodrom Tivat<\/option><option value=\"Aerodrom Dubrovnik\" >Aerodrom Dubrovnik<\/option><option value=\"Aerodrom Tirana\" >Aerodrom Tirana<\/option><option value=\"Budva (IV Rent a car office)\" >Budva (IV Rent a car office)<\/option><option value=\"Podgorica\" >Podgorica<\/option><option value=\"Tivat (Porto Montenegro)\" >Tivat (Porto Montenegro)<\/option><option value=\"Kotor\" >Kotor<\/option><option value=\"Bar\" >Bar<\/option><option value=\"Ulcinj\" >Ulcinj<\/option><option value=\"Herceg Novi\" >Herceg Novi<\/option><option value=\"Cetinje\" >Cetinje<\/option><option value=\"Nik\u0161i\u0107\" >Nik\u0161i\u0107<\/option><option value=\"\u017dabljak\" >\u017dabljak<\/option><option value=\"Kola\u0161in\" >Kola\u0161in<\/option><\/select>\t\t\t\t\t\t\t\t\t\t<\/div>\n\t\t\t\t\t\t\t\t\t\t\t\t\t\t\t\t\t\t\t\t\t\t\t\t\t\t<div class=\"label_search ova-pickup-date\">\n\t\t\t\t\t\t\t\t\t\t\t<label class=\"field-label\">\n\t\t\t\t\t\t\t\t\t\t\t\tPick-up Date\t\t\t\t\t\t\t\t\t\t\t<\/label>\n\t\t\t\t\t\t\t\t\t\t\t<div class=\"input-with-icon\" style=\"position: relative;\">\n\t\t\t\t\t\t\t\t\t\t\t\t<input type=\"text\" id=\"ovabrw_ovabrw_pickup_date_1776168612_1643171139\" class=\"ovabrw_start_date ovabrw-datepicker-start\" name=\"ovabrw_pickup_date\" value=\"\" placeholder=\"d-m-Y\"   \/>\t\t\t\t\t\t\t\t\t\t\t\t<i class=\"ova-calendar ovaicon-calendar\"><\/i>\n\t\t\t\t\t\t\t\t\t\t\t<\/div>\n\t\t\t\t\t\t\t\t\t\t<\/div>\n\t\t\t\t\t\t\t\t\t\t\t\t\t\t\t\t\t\t\t\t\t\t\t\t\t\t<div class=\"label_search ova-dropoff-date\">\n\t\t\t\t\t\t\t\t\t\t\t<label class=\"field-label\">\n\t\t\t\t\t\t\t\t\t\t\t\tDrop-off Date\t\t\t\t\t\t\t\t\t\t\t<\/label>\n\t\t\t\t\t\t\t\t\t\t\t<div class=\"input-with-icon\" style=\"position: relative;\">\n\t\t\t\t\t\t\t\t\t\t\t\t<input type=\"text\" id=\"ovabrw_ovabrw_pickoff_date_1776168612_1611646220\" class=\"ovabrw_end_date ovabrw-datepicker-end\" name=\"ovabrw_pickoff_date\" value=\"\" placeholder=\"d-m-Y\"   \/>\t\t\t\t\t\t\t\t\t\t\t\t<i class=\"ova-calendar ovaicon-calendar\"><\/i>\n\t\t\t\t\t\t\t\t\t\t\t<\/div>\n\t\t\t\t\t\t\t\t\t\t<\/div>\n\t\t\t\t\t\t\t\t\t\t\t\t\t\t\t\t\t\t\t\t\t\t\t\t\t\t\t\t\t\t\t\t\t\t\t\t\t\t\t\t\t\t\t\t\n\t\t\t\t\t\t\t\t\t\t\t\t\t\t\t<div class=\"show_taxonomy\" data-show_taxonomy=\"\"><\/div>\n\t\t\t\t\t\t\t\t<input\n\t\t\t\t\t\t\t\t\ttype=\"hidden\"\n\t\t\t\t\t\t\t\t\tid=\"data_taxonomy_custom\"\n\t\t\t\t\t\t\t\t\tname=\"data_taxonomy_custom\"\n\t\t\t\t\t\t\t\t\tvalue=\"[]\"\n\t\t\t\t\t\t\t\t\/>\n\t\t\t\t\t\t\t\n\t\t\t\t\t\t\t<div class=\"product-search-submit\">\n\t\t\t                    <button class=\"ovabrw_btn_submit\" type=\"submit\">\n\t\t\t                    \tFind a Product\t\t\t                    \t\t\t\t                    <\/button>\n\t\t\t                <\/div>\n\n\t\t\t\t            \t\t\t\t\t\t<\/div>      \n\t\t\t\t\t<\/form>\n\t\t\t\t<\/div>\n\n\t\t\t\t<div class=\"wrap_search_result\">\n\n\t\t\t\t\t\t\t\t\t\t\t<div class=\"wrap_search_filter\">\n\t\t\t\t\t\t\t\t\t\t\t\t\t\t\t<div class=\"results_found\">\n\t\t\t\t\t\t\t\t\t\t\t\t\t\t\t\t\t\t<span>\n\t\t\t\t\t\t\t\t\t\t19 Results Found\t\t\t\t\t\t\t\t\t<\/span>\n\t\t\t\t\t\t\t\t\t\n\t\t\t\t\t\t\t\t\t\t\t\t\t\t\t\t\t\t\t<span>\n\t\t\t\t\t\t\t\t\t\t\t(Showing 1-6)\t\t\t\t\t\t\t\t\t\t<\/span>\n\t\t\t\t\t\t\t\t\t\t\t\t\t\t\t\t\t<\/div>\n\t\t\t\t\t\t\t\n\t\t\t\t\t\t\t\t\t\t\t\t\t<\/div>\n\t\t\t\t\t\n\t\t\t\t\t<!-- Radius -->\n\t\t\t\t\t<div class=\"wrap_search_radius\" \n\t\t\t\t\t\tdata-map_range_radius=\"50\" \n\t\t\t\t\t\tdata-map_range_radius_min=\"0\" \n\t\t\t\t\t\tdata-map_range_radius_max=\"100\">\n\t\t\t\t\t\t<span>Radius:<\/span>\n\t\t\t\t\t\t<span class=\"result_radius\">50km<\/span>\n\t\t\t\t\t\t<div id=\"wrap_pointer\"><\/div>\n\t\t\t\t\t\t<input\n\t\t\t\t\t\t\ttype=\"hidden\"\n\t\t\t\t\t\t\tvalue=\"50\"\n\t\t\t\t\t\t\tname=\"radius\"\n\t\t\t\t\t\t\/>\n\t\t\t\t\t<\/div>\n\t\t\t\t\t<!-- End Radius -->\n\n\t\t\t\t\t<!-- Load more -->\n\t\t\t\t\t<div class=\"wrap_load_more\" style=\"display: none;\">\n\t\t\t\t\t\t<svg class=\"loader\" width=\"50\" height=\"50\">\n\t\t\t\t\t\t\t<circle cx=\"25\" cy=\"25\" r=\"10\" stroke=\"#FF3726\"\/>\n\t\t\t\t\t\t\t<circle cx=\"25\" cy=\"25\" r=\"20\" stroke=\"#FF3726\"\/>\n\t\t\t\t\t\t<\/svg>\n\t\t\t\t\t<\/div>\n\n\t\t\t\t\t<!-- Search result -->\n\t\t\t\t\t<div\n\t\t\t\t\t\tid=\"search_result\"\n\t\t\t\t\t\tclass=\"search_result\"\n\t\t\t\t\t\tdata-card=\"card5\"\n\t\t\t\t\t\tdata-column=\"three-column\"\n\t\t\t\t\t\tdata-order=\"DESC\"\n\t\t\t\t\t\tdata-orderby=\"date\"\n\t\t\t\t\t\tdata-per_page=\"6\"\n\t\t\t\t\t\tdata-lat=\"39.177972\"\n\t\t\t\t\t\tdata-lng=\"-100.36375\"\n\t\t\t\t\t>\n\t\t\t\t\t\t\t\t\t\t\t\t\t\t<div class=\"ovabrw_pagination_ajax\">\n\t\t\t\t\t\t\t\t<ul><li><span data-paged=\"1\" class=\"prev page-numbers current\" >1<\/span><\/li><li><span data-paged=\"2\" class=\"prev page-numbers\" >2<\/span><\/li><li><span data-paged=\"3\" class=\"prev page-numbers\" >3<\/span><\/li><li><span data-paged=\"4\" class=\"prev page-numbers\" >4<\/span><\/li><li><span data-paged=\"2\" class=\"next page-numbers\" >Next<\/span><\/li>\t\t\t\t\t\t\t\t<\/div>\n\t\t\t\t\t\t\t\t\t\t\t\t\t<\/div>\n\t\t\t\t<\/div>\n\t\t\t<\/div>\n\n\t\t\t\t\t\t<\/div>\n\t\t\t\t<\/div>\n\t\t\t\t\t<\/div>\n\t\t\t\t<\/div>\n\t\t\t\t<\/div>\n\t\t","protected":false},"excerpt":{"rendered":"<p>Search cars Type TypeUncategorizedCars&nbsp;&nbsp;&nbsp;Limousine (Large Cars)&nbsp;&nbsp;&nbsp;Medium size cars&nbsp;&nbsp;&nbsp;Small Cars Pick-up Location Select LocationAerodrom PodgoricaAerodrom TivatAerodrom DubrovnikAerodrom TiranaBudva (IV Rent a car office)PodgoricaTivat (Porto Montenegro)KotorBarUlcinjHerceg NoviCetinjeNik\u0161i\u0107\u017dabljakKola\u0161in Drop-off Location Select LocationAerodrom PodgoricaAerodrom TivatAerodrom DubrovnikAerodrom TiranaBudva (IV Rent a car office)PodgoricaTivat (Porto Montenegro)KotorBarUlcinjHerceg NoviCetinjeNik\u0161i\u0107\u017dabljakKola\u0161in Pick-up Date Drop-off Date Find a Product 19 Results Found (Showing 1-6) Radius: 50km [&hellip;]<\/p>\n","protected":false},"author":4,"featured_media":0,"parent":0,"menu_order":0,"comment_status":"closed","ping_status":"closed","template":"elementor_header_footer","meta":{"footnotes":""},"class_list":["post-6087","page","type-page","status-publish","hentry"],"_links":{"self":[{"href":"https:\/\/ivrentacar.com\/ru\/wp-json\/wp\/v2\/pages\/6087","targetHints":{"allow":["GET"]}}],"collection":[{"href":"https:\/\/ivrentacar.com\/ru\/wp-json\/wp\/v2\/pages"}],"about":[{"href":"https:\/\/ivrentacar.com\/ru\/wp-json\/wp\/v2\/types\/page"}],"author":[{"embeddable":true,"href":"https:\/\/ivrentacar.com\/ru\/wp-json\/wp\/v2\/users\/4"}],"replies":[{"embeddable":true,"href":"https:\/\/ivrentacar.com\/ru\/wp-json\/wp\/v2\/comments?post=6087"}],"version-history":[{"count":0,"href":"https:\/\/ivrentacar.com\/ru\/wp-json\/wp\/v2\/pages\/6087\/revisions"}],"wp:attachment":[{"href":"https:\/\/ivrentacar.com\/ru\/wp-json\/wp\/v2\/media?parent=6087"}],"curies":[{"name":"wp","href":"https:\/\/api.w.org\/{rel}","templated":true}]}}